{"id":5762,"date":"2022-07-14T18:18:00","date_gmt":"2022-07-14T16:18:00","guid":{"rendered":"https:\/\/noneshop.rs\/sale\/"},"modified":"2022-07-14T18:18:00","modified_gmt":"2022-07-14T16:18:00","slug":"sale","status":"publish","type":"page","link":"https:\/\/noneshop.rs\/en\/sale\/","title":{"rendered":"Sale"},"content":{"rendered":"<p>Trgovac je u obavezi da ispravno sastavi ponudu prodajnog podsticaja koja sadr\u017ei:<\/p>\n<ul>\n<li><strong>vrstu podsticaja<\/strong><\/li>\n<li><strong>robu na koju se odnosi podsticaj<\/strong><\/li>\n<li><strong>period sa naznakom po\u010detka i zavr\u0161etka prodajnog podsticaja i uslove za ostvarivanje prava na podsticaj (\u010dl.36.st.2.ZOT)<\/strong><\/li>\n<\/ul>\n<p><strong>Sni\u017eenje cene<\/strong> treba da bude u skladu sa \u010dl.37.ZOT \u0161to zna\u010di se koristi:<\/p>\n<ul>\n<li>rasprodaja (trajno sni\u017eenje)<\/li>\n<li>sezonsko sni\u017eenje ( do 60 dana ) ili akcijska prodaja ( do 31 dan ) u skladu sa propisanim normama<\/li>\n<\/ul>\n<p>Kada se cena sni\u017eava u okviru prodajnog podsticaja obaveza je trgovca da istakne sni\u017eenu cenu i prethodnu precrtanu cenu u skladu sa \u010dl.37.st.2. ZOT. Izuzetak: akcijsko sni\u017eenje do tri dana kada se isti\u010de samo procenat sni\u017eenja.(\u010dl.37.st.8.ZOT).<\/p>\n<p><strong>Za raspordaju<\/strong> je propisano da se sme organizovati kao prodaja po ni\u017eoj ceni u osnosu na redovnu samo u slu\u010daju prestanka poslovanja trgovca, prestanka poslovanja u odre\u0111enim objektima ili prestanka prodaje odre\u0111ene robe (\u010dl.37.st.3.ZOT). Raspordaja mora da ima naznaku &#8220;dok traju zalihe&#8221; (\u010dl.36.st.2.t.3)ZOT. i da od objavljivanja rasprodaje pa do kraja njenog trajanja trgovac ne sme da naru\u010duje i uklju\u010duje u raspordaju nove koli\u010dine robe koja je predmet rasprodaje. (\u010dl.37.st.4.ZOT).<\/p>\n<p><strong>Sezonsko sni\u017eenje<\/strong> &#8211; Propisana su dva roka u godini kad trgovac mo\u017ee da po\u010dne sezonsko sni\u017eenje (\u010dl.37.st.5.ZOT). Izme\u0111u 25.decembra i 10 januara i izme\u0111u 1. i 15. jula. Propisana du\u017eina trajanja sezonskog sni\u017eenja cena do 60 dana. (\u010dl.37.st.6.ZOT).<\/p>\n<p><strong>Akcijsko sni\u017eenje <\/strong>&#8211; nema zakonski rok u godini za po\u010detak i mo\u017ee da traje najdu\u017ee 31 dan. (\u010dl.37.st.7.ZOT). Kao \u0161to je ve\u0107 navedeno, ako akcijsko sni\u017eenje traje do 3 dana, stara cena ne mora da bude izlo\u017eena, ve\u0107 je propisano da se istakne jasno odre\u0111en procenat sni\u017eenja u skladu sa (\u010dl.37.st.8.ZOT).<\/p>\n<p><strong>Ostala sni\u017eenja:<\/strong><br \/>\nUsled <strong>umanjene upotrebne vrednosti<\/strong> (roba sa gre\u0161kom, o\u0161te\u0107enjem) ponuda \u010dl.36.st.3.ZOT. ogla\u0161avanje \u010dl.38.st.6.ZOT.<\/p>\n<p><strong>Promotivna prodaja<\/strong> ukoliko trgovac prvi put uvodi u ponudu odre\u0111eni proizvod, tada se isti proizvod nudi po ni\u017eoj ceni od cene koja \u0107e biti formirana u redovnoj ponudi. (\u010dl.36.st.9.ZOT).<\/p>\n<p><strong>Vau\u010der<\/strong>, kupon i sli\u010dno, kao vrsta podajnog podsticaja mora da sadr\u017ei podatke o izdavaocu, kao i nov\u010danoj vrednosti ili visini popusta. (\u010dl.36.st.4.ZOT).<\/p>\n<p><strong>Kartice<\/strong> lojalnosti obi\u010dno slu\u017ee za prikupljanje bodova radi nagra\u0111ivanja vernosti kupaca. Trgovac mora da objavi uslove za ostvarivanje pogodnosti za nagra\u0111ivanje kupaca. (\u010dl.36.st.5.ZOT).<\/p>\n<p><strong>Prate\u0107i pokloni <\/strong>&#8211; Trgovac sme da nudi robu kao poklon radi podsticanja prodaje i da koristi re\u010d &#8220;besplatno&#8221;, &#8220;plati jedan, uzmi dva&#8221;, &#8220;dva za jedan&#8221; i sl., samo ako kupac ne snosi nikakav tro\u0161ak osim neizbe\u017enog tro\u0161ka isporuke (\u010dl.36.st.6.ZOT). Trgovac ima pravno da nudi prate\u0107i poklon uz odre\u0111eni proizvod samo ako u asortimanu postoji isti proizvod bez poklona. (\u010dl.36.st.7.ZOT). Ukoliko je poklon dodatna koli\u010dina prethodno upakovanog proizvoda, proizvod sa dodatnom koli\u010dinom ne sme da bude skuplji po jedinici mere, odnosno jedini\u010dna cena ne sme da se pove\u0107ava.(\u010dl.36.st.6.ZOT).<\/p>\n<p><strong>Privla\u010denje potro\u0161a\u010da ogla\u0161avanjem.<\/strong><br \/>\nUkoliko potro\u0161a\u010d privu\u010den oglasnom porukom o povoljnostima ne mo\u017ee da ostvari povoljnosti iz oglasne poruke jer nema robe na koju se odnosi podsticaj ili je ima u zanemarljivo maloj koli\u010dini (npr. u velikoj masi drugih proizvoda, dva do tri komada po ni\u017eoj ceni), onda je o\u010digledno da objavljivanjem oglasa da je u toku sni\u017eenje, predstavlja nameru trgovca da vr\u0161i privla\u010denje kupaca radi navo\u0111enja na kupovinu druge robe. (\u010dl.38.st.1.ZOT).<\/p>\n<p>Izuzetak u slucaju sni\u017eenja cene manje koli\u010dine robe, ne smatra se da se radi o &#8220;navo\u0111enju na kupovinu druge robe&#8221;, ukoliko je trgovac nazna\u010dio jasno raspolo\u017eivu koli\u010dinu na dan po\u010detka prodajnog podsticaja. (\u010dl.38.st.1.ZOT).<\/p>\n<p><strong>Ukoliko oglasna poruka sadr\u017ei procenat sni\u017eenja:<\/strong><br \/>\nKod prodaje na prodajnom mestu (\u010dl.38.st.2.ZOT). kao i kod daljinske trgovine (\u010dl.38.st.3.ZOT). <strong>najve\u0107i procenat sni\u017eenja mo\u017ee da se navede ukoliko se odnosi na najmanje jednu petinu robe u asortimanu.<\/strong><\/p>\n<p>Zabranjeno je <strong>ogla\u0161avanje navodne rasprodaje ili prividnog sni\u017eenja<\/strong> cene robe i obima sni\u017eenja ako je ranija cena neistinito prikazana, ili je roba bila ponu\u0111ena po ranijoj ceni u zanemarljivo kratkom vremenu (\u010dl.38.st.4.ZOT).<\/p>\n<p>Ako se ogla\u0161ava povla\u0161\u0107ena cena za odre\u0111enu<strong> kategoriju lica<\/strong>, podru\u010dje, prodajno mesto i period vremena, oglasna poruka mora da bude precizna u pogledu kategorije, podru\u010dja, mesta i vremena. (\u010dl.38.st.5.ZOT).<\/p>\n<p>Ogla\u0161avanje pore\u0111enjem mora da sadr\u017ei istinitu informaciju da je jedna roba jeftinija od druge zbog slabijeg kvaliteta ukoliko je po sredi razlika u kvalitetu. Ako je uzrok sni\u017eenja <strong>roba sa nedostatkom<\/strong>, onda ta informacija mora da bude istaknuta u oglasu (\u010dl.38.st.6.ZOT) i u ponudi (\u010dl.36.st.3.ZOT).<\/p>\n","protected":false},"excerpt":{"rendered":"<p>Trgovac je u obavezi da ispravno sastavi ponudu prodajnog podsticaja koja sadr\u017ei: vrstu podsticaja robu na koju se odnosi podsticaj period sa naznakom po\u010detka i zavr\u0161etka<span class=\"excerpt-hellip\"> [\u2026]<\/span><\/p>\n","protected":false},"author":1,"featured_media":0,"parent":0,"menu_order":0,"comment_status":"closed","ping_status":"closed","template":"","meta":{"footnotes":""},"class_list":["post-5762","page","type-page","status-publish","hentry"],"_links":{"self":[{"href":"https:\/\/noneshop.rs\/en\/wp-json\/wp\/v2\/pages\/5762","targetHints":{"allow":["GET"]}}],"collection":[{"href":"https:\/\/noneshop.rs\/en\/wp-json\/wp\/v2\/pages"}],"about":[{"href":"https:\/\/noneshop.rs\/en\/wp-json\/wp\/v2\/types\/page"}],"author":[{"embeddable":true,"href":"https:\/\/noneshop.rs\/en\/wp-json\/wp\/v2\/users\/1"}],"replies":[{"embeddable":true,"href":"https:\/\/noneshop.rs\/en\/wp-json\/wp\/v2\/comments?post=5762"}],"version-history":[{"count":0,"href":"https:\/\/noneshop.rs\/en\/wp-json\/wp\/v2\/pages\/5762\/revisions"}],"wp:attachment":[{"href":"https:\/\/noneshop.rs\/en\/wp-json\/wp\/v2\/media?parent=5762"}],"curies":[{"name":"wp","href":"https:\/\/api.w.org\/{rel}","templated":true}]}}